{"id":804,"date":"2024-05-08T23:21:05","date_gmt":"2024-05-08T21:21:05","guid":{"rendered":"https:\/\/wp801108.luwp-s094.letuswordpress.de\/?page_id=804"},"modified":"2026-02-25T13:00:57","modified_gmt":"2026-02-25T12:00:57","slug":"sendeplan","status":"publish","type":"page","link":"https:\/\/radio-tempore.wp-name.de\/index.php\/sendeplan\/","title":{"rendered":"Sendeplan"},"content":{"rendered":"\n<p><\/p>\n\n\n\n<p>Wenn Du Dich \u00fcber die Programme meiner beiden Webradios informieren m\u00f6chtest, bist Du hier richtig.<\/p>\n\n\n\n<p>Hier geht es zu dem Sendepl\u00e4nen. Bitte w\u00e4hle den Sender:<\/p>\n\n\n\n<div class=\"wp-block-buttons is-layout-flex wp-block-buttons-is-layout-flex\">\n<div class=\"wp-block-button has-custom-width wp-block-button__width-50 is-style-outline is-style-outline--1\"><a class=\"wp-block-button__link has-black-color has-text-color has-background has-link-color wp-element-button\" href=\"https:\/\/radio-tempore.wp-name.de\/index.php\/sendeplan\/sendeplan-radio-tempore-auswahl\/\" style=\"border-radius:100px;background:radial-gradient(rgba(252,185,0,1) 0%,rgba(255,105,0,1) 100%)\" target=\"_blank\" rel=\"noreferrer noopener\">Radio-Tempore<\/a><\/div>\n\n\n\n<div class=\"wp-block-button has-custom-width wp-block-button__width-50 is-style-outline is-style-outline--2\"><a class=\"wp-block-button__link has-black-color has-pale-ocean-gradient-background has-text-color has-background has-link-color wp-element-button\" href=\"https:\/\/radio-tempore.wp-name.de\/index.php\/sendeplan\/sendeplan-mixx21\/\" style=\"border-radius:100px\" target=\"_blank\" rel=\"noreferrer noopener\">Mixx21<\/a><\/div>\n<\/div>\n\n\n\n<p><\/p>\n","protected":false},"excerpt":{"rendered":"<p>Wenn Du Dich \u00fcber die Programme meiner beiden Webradios informieren m\u00f6chtest, bist Du hier richtig. Hier geht es zu dem Sendepl\u00e4nen. Bitte w\u00e4hle den Sender:<\/p>\n","protected":false},"author":1,"featured_media":828,"parent":0,"menu_order":0,"comment_status":"closed","ping_status":"closed","template":"template-home.php","meta":{"saved_in_kubio":false,"advanced_seo_description":"","jetpack_seo_html_title":"","jetpack_seo_noindex":false,"footnotes":""},"class_list":["post-804","page","type-page","status-publish","has-post-thumbnail","hentry"],"kubio_ai_page_context":{"short_desc":"","purpose":"general"},"jetpack_likes_enabled":true,"jetpack_sharing_enabled":true,"_links":{"self":[{"href":"https:\/\/radio-tempore.wp-name.de\/index.php\/wp-json\/wp\/v2\/pages\/804","targetHints":{"allow":["GET"]}}],"collection":[{"href":"https:\/\/radio-tempore.wp-name.de\/index.php\/wp-json\/wp\/v2\/pages"}],"about":[{"href":"https:\/\/radio-tempore.wp-name.de\/index.php\/wp-json\/wp\/v2\/types\/page"}],"author":[{"embeddable":true,"href":"https:\/\/radio-tempore.wp-name.de\/index.php\/wp-json\/wp\/v2\/users\/1"}],"replies":[{"embeddable":true,"href":"https:\/\/radio-tempore.wp-name.de\/index.php\/wp-json\/wp\/v2\/comments?post=804"}],"version-history":[{"count":3,"href":"https:\/\/radio-tempore.wp-name.de\/index.php\/wp-json\/wp\/v2\/pages\/804\/revisions"}],"predecessor-version":[{"id":1499,"href":"https:\/\/radio-tempore.wp-name.de\/index.php\/wp-json\/wp\/v2\/pages\/804\/revisions\/1499"}],"wp:featuredmedia":[{"embeddable":true,"href":"https:\/\/radio-tempore.wp-name.de\/index.php\/wp-json\/wp\/v2\/media\/828"}],"wp:attachment":[{"href":"https:\/\/radio-tempore.wp-name.de\/index.php\/wp-json\/wp\/v2\/media?parent=804"}],"curies":[{"name":"wp","href":"https:\/\/api.w.org\/{rel}","templated":true}]}}