{"id":780,"date":"2024-05-08T22:14:17","date_gmt":"2024-05-08T20:14:17","guid":{"rendered":"https:\/\/wp801108.luwp-s094.letuswordpress.de\/?page_id=780"},"modified":"2026-01-14T22:58:22","modified_gmt":"2026-01-14T21:58:22","slug":"playlist-radio-tempore","status":"publish","type":"page","link":"https:\/\/radio-tempore.wp-name.de\/index.php\/programm\/playlist\/playlist-radio-tempore\/","title":{"rendered":"Playlist Radio-Tempore"},"content":{"rendered":"\n<p>Ihr wollt wissen, wie ein bestimmter Titel oder Interpret hie\u00df, der in meinen Webradios lief? <\/p>\n\n\n\n<p>Die letzten 7 Tage k\u00f6nnt Ihr nachsehen. <\/p>\n\n\n\n<p class=\"has-text-align-center\"><\/p>\n\n\n\n<p class=\"has-text-align-right\">Ein Service von <a href=\"https:\/\/onlineradiobox.com\/de\/tempore\/\" target=\"_blank\" rel=\"noreferrer noopener\"><strong>OnlineRadioBox.com<\/strong><\/a> . Vielen Dank daf\u00fcr.<\/p>\n\n\n\n<!--OnlineRadioBox Playlist widget-->\n<div class=\"orbL \" id=\"orb_pl_386ed577459ef6ed\">\n    <style media=\"screen\">\n      .orbL{position:relative;box-sizing:border-box;overflow:hidden;font-weight:normal;border:1px solid;text-align:left}.orbL br,.orbL>br{display:none!important;}.orbL p,.orbL>p{margin:0!important;padding:0!important;line-height:normal!important;font-size:inherit!important}.orbL br,.orbL>br{display:none!important}.orbLh{display:block;position:absolute;z-index:100;top:22px;right:10px;margin-top:-12px;width:21px;text-decoration:none!important;cursor:pointer}.orbLh>img{margin:0!important;border:none!important;height:24px!important;-webkit-filter:drop-shadow(2px 2px 0 rgba(47,99,160,.2));filter:drop-shadow(2px 2px 0 rgba(47,99,160,.2))}.orbLt{display:block;box-sizing:border-box;overflow:hidden;padding-left:10px!important;font-weight:normal;line-height:44px!important;min-height:44px;text-decoration:none!important}.orbLti{float:left!important;margin:10px 10px 10px 0!important;height:24px!important;width:44px!important;border:none!important;border-radius:2px!important;opacity:1!important;}.orbLtn{display:block;margin-right:54px!important;font-size:14px!important;font-weight:bold;text-overflow:ellipsis;overflow:hidden;white-space:nowrap}.orbIL{position:relative;overflow:auto;overflow-x:hidden;overflow-y:auto;margin:0!important;padding:0!important;list-style:none!important}.orbILi{box-sizing:border-box;margin:0!important;padding:0 10px!important;list-style:none!important;background-image:none;float:none!important;height: auto!important}.orbILi>a,.orbILi>span{display:block!important;height:auto!important;font-weight:normal!important;text-decoration:none!important;line-height:32px!important;font-size:14px!important;text-overflow:ellipsis;overflow:hidden;white-space:nowrap;-webkit-transition:color .125s;transition:color .125s;border:none!important;text-align:left!important;}.orbILi>a:hover,.orbILi>span:hover{background:transparent!important;text-align:left!important;}.orbILi>a>time,.orbILi>span>time{display:inline-block;font-size:12px!important;width:3em}.orbILi+li{border-style:solid!important;border-width:1px 0 0!important}.orbILs{margin:0!important;padding:0!important;list-style:none!important;display:-webkit-flex;display:-ms-flexbox;display:-webkit-box;display:flex;-webkit-flex-flow:row nowrap;-ms-flex-flow:row nowrap;flex-flow:row nowrap;border-style:solid!important;border-width:0 0 1px!important}.orbILsi{display:inline-block!important;margin:0!important;padding:0!important;height:32px!important;overflow:hidden;-webkit-flex:1 1 auto;-ms-flex:1 1 auto;-webkit-box-flex:1;flex:1 1 auto;-webkit-align-self:baseline;-ms-flex-item-align:baseline;align-self:baseline;text-align:center;font-size:11px!important;float:none!important}.orbILsi + li{border-style:solid!important;border-width:0 0 0 1px!important}.orbILsi > a,.orbILsi > span{display:block;line-height:32px!important;text-decoration:none!important;-webkit-transition:color .125s;transition:color .125s}\n  \/* Compact *\/\n  .cmpct .orbILi>a,.cmpct .orbILi>span{line-height:24px!important;font-size:12px!important}\n  .cmpct .orbILi>a>time,.cmpct .orbILi>span>time{font-size:11px!important}\n  <\/style>\n  <style media=\"screen\" id=\"orb_pl_386ed577459ef6ed_settings\">\/*user customization*\/.orbL{width:auto}.orbL{border-style: solid; border-color:#2f63a0 !important;border-radius:5px;background:#fff !important}.orbLt{background-color:#2f63a0 !important}\/*common list title bg*\/.orbLtn{color:#ffffff !important}\/*common list title color*\/.orbIL{height:722px}\/*track list height: user height, e.g. 250px - 45px(title) - [33px(schedule, if enabled)] *\/.orbIL,.orbILs{background:#ffffff !important} \/* list bg, schedule bg *\/.orbILi>a,.orbILi>a:visited,.orbILi>span,.orbILi>a:hover>time,.orbILi.a>a>time,.orbILi.a>span>time{color:#333333 !important} \/*item color, hover-item time color, active-item time color *\/.orbILi>a:hover,.orbILi.a>a,.orbILi.a>span,.orbILsi>a:hover,.orbILsi>span{color:#f07700 !important} \/*hover-item color, active-item color, schedule hover-item color, schedule active-item color*\/.orbILi>a>time,.orbILi>span>time,.orbILsi>a{color:#aeaeae !important}\/*item time color, schedule item color*\/.orbILi.a,.orbILsi.a{background:#f3f3f3 !important} \/* active-item bg, schedule active-item bg *\/.orbILs,.orbILi+li,.orbILsi+li{border-color:#eeeeee !important}\/* item border color, schedule border color *\/.orbILs{display: flex}<\/style>\n    <a class=\"orbLh\" href=\"https:\/\/onlineradiobox.com\/de\/\" title=\"Internetradio\" target=\"_blank\"><img decoding=\"async\" src=\"\/\/ecdn.onlineradiobox.com\/img\/wl.svg\" alt=\"Internetradio\"><\/a>\n    <a class=\"orbLt\" href=\"https:\/\/onlineradiobox.com\/de\/tempore\/\" target=\"_blank\">\n      <img decoding=\"async\" class=\"orbLti\" src=\"\/\/cdn.onlineradiobox.com\/img\/l\/6\/117206.v5.png\" alt=\"Radio-Tempore\"><span class=\"orbLtn\">Radio-Tempore<\/span>\n    <\/a>\n    <script>\n      var orbpl_w = orbpl_w || { lang: \"de-de\" };\n      orbpl_w.cmd = orbpl_w.cmd || [];\n      orbpl_w.cmd.push(function() {\n        orbpl_w.init(\"orb_pl_386ed577459ef6ed\");\n      });\n      var s, t; s = document.createElement('script'); s.type = 'text\/javascript';\n      \n        s.src = \"\/\/ecdn.onlineradiobox.com\/js\/plwidget.min.a1649ec0.js\";\n      \n      t = document.getElementsByTagName('script')[0]; t.parentNode.insertBefore(s, t);\n    <\/script><\/div>\n<!--OnlineRadioBox Playlist widget-->\n\n","protected":false},"excerpt":{"rendered":"<p>Ihr wollt wissen, wie ein bestimmter Titel oder Interpret hie\u00df, der in meinen Webradios lief? Die letzten 7 Tage k\u00f6nnt Ihr nachsehen. Ein Service von OnlineRadioBox.com . Vielen Dank daf\u00fcr. Radio-Tempore<\/p>\n","protected":false},"author":1,"featured_media":0,"parent":311,"menu_order":1,"comment_status":"closed","ping_status":"closed","template":"template-home.php","meta":{"saved_in_kubio":false,"advanced_seo_description":"","jetpack_seo_html_title":"","jetpack_seo_noindex":false,"footnotes":""},"class_list":["post-780","page","type-page","status-publish","hentry"],"kubio_ai_page_context":{"short_desc":"","purpose":"general"},"jetpack_likes_enabled":true,"jetpack_sharing_enabled":true,"_links":{"self":[{"href":"https:\/\/radio-tempore.wp-name.de\/index.php\/wp-json\/wp\/v2\/pages\/780","targetHints":{"allow":["GET"]}}],"collection":[{"href":"https:\/\/radio-tempore.wp-name.de\/index.php\/wp-json\/wp\/v2\/pages"}],"about":[{"href":"https:\/\/radio-tempore.wp-name.de\/index.php\/wp-json\/wp\/v2\/types\/page"}],"author":[{"embeddable":true,"href":"https:\/\/radio-tempore.wp-name.de\/index.php\/wp-json\/wp\/v2\/users\/1"}],"replies":[{"embeddable":true,"href":"https:\/\/radio-tempore.wp-name.de\/index.php\/wp-json\/wp\/v2\/comments?post=780"}],"version-history":[{"count":2,"href":"https:\/\/radio-tempore.wp-name.de\/index.php\/wp-json\/wp\/v2\/pages\/780\/revisions"}],"predecessor-version":[{"id":1000,"href":"https:\/\/radio-tempore.wp-name.de\/index.php\/wp-json\/wp\/v2\/pages\/780\/revisions\/1000"}],"up":[{"embeddable":true,"href":"https:\/\/radio-tempore.wp-name.de\/index.php\/wp-json\/wp\/v2\/pages\/311"}],"wp:attachment":[{"href":"https:\/\/radio-tempore.wp-name.de\/index.php\/wp-json\/wp\/v2\/media?parent=780"}],"curies":[{"name":"wp","href":"https:\/\/api.w.org\/{rel}","templated":true}]}}