{"id":1444,"date":"2026-02-25T00:13:05","date_gmt":"2026-02-24T23:13:05","guid":{"rendered":"https:\/\/radio-tempore.wp-name.de\/?page_id=1444"},"modified":"2026-02-25T12:56:52","modified_gmt":"2026-02-25T11:56:52","slug":"sendeplan-radio-tempore-sonntag","status":"publish","type":"page","link":"https:\/\/radio-tempore.wp-name.de\/index.php\/sendeplan\/sendeplan-radio-tempore-sonntag\/","title":{"rendered":"Sendeplan Radio-Tempore &#8211; Sonntag"},"content":{"rendered":"<p>Jetzt online bei diesem Webradio :  <span class='api_lfm_station_listeners_radio-tempore'>Loading<\/span> Zuh\u00f6rer oder Zuh\u00f6rerin(nen). Ganz lieben Dank daf\u00fcr!<\/p>\n\n\n\n<h2 class=\"wp-block-heading has-black-color has-luminous-vivid-amber-background-color has-text-color has-background\">Hier ist das Wochenprogramm von Radio-Tempore<\/h2>\n\n\n\n<p><a href=\"https:\/\/deutsche-radio.de\/\" target=\"_blank\" rel=\"noreferrer noopener\"><\/a><\/p>\n\n\n\n<div class=\"wp-block-buttons is-layout-flex wp-block-buttons-is-layout-flex\">\n<div class=\"wp-block-button\"><a class=\"wp-block-button__link wp-element-button\" href=\"https:\/\/radio-tempore.wp-name.de\/index.php\/sendeplan\/sendeplan-radio-tempore-montag\/\">Montag<\/a><\/div>\n\n\n\n<div class=\"wp-block-button\"><a class=\"wp-block-button__link wp-element-button\" href=\"https:\/\/radio-tempore.wp-name.de\/index.php\/sendeplan\/sendeplan-radio-tempore-dienstag\/\">Dienstag<\/a><\/div>\n\n\n\n<div class=\"wp-block-button\"><a class=\"wp-block-button__link wp-element-button\" href=\"https:\/\/radio-tempore.wp-name.de\/index.php\/sendeplan\/sendeplan-radio-tempore-mittwoch\/\">Mittwoch<\/a><\/div>\n\n\n\n<div class=\"wp-block-button\"><a class=\"wp-block-button__link wp-element-button\" href=\"https:\/\/radio-tempore.wp-name.de\/index.php\/sendeplan\/sendeplan-radio-tempore-donnerstag\/\">Donnerstag<\/a><\/div>\n\n\n\n<div class=\"wp-block-button\"><a class=\"wp-block-button__link wp-element-button\" href=\"https:\/\/radio-tempore.wp-name.de\/index.php\/sendeplan\/sendeplan-radio-tempore-freitag\/\">Freitag<\/a><\/div>\n\n\n\n<div class=\"wp-block-button\"><a class=\"wp-block-button__link wp-element-button\" href=\"https:\/\/radio-tempore.wp-name.de\/index.php\/sendeplan\/sendeplan-radio-tempore-samstag\/\">Samstag<\/a><\/div>\n\n\n\n<div class=\"wp-block-button\"><a class=\"wp-block-button__link has-kubio-color-6-color has-blush-bordeaux-gradient-background has-text-color has-background has-link-color wp-element-button\" href=\"https:\/\/radio-tempore.wp-name.de\/index.php\/sendeplan\/sendeplan-radio-tempore-sonntag\/\"><strong>Sonntag<\/strong><\/a><\/div>\n<\/div>\n\n\n\n<hr class=\"wp-block-separator has-alpha-channel-opacity\"\/>\n\n\n<span class='api_lfm_station_schedule_sun_radio-tempore'>Loading<\/span>\n\n\n\n<p><\/p>\n","protected":false},"excerpt":{"rendered":"<p>Hier ist das Wochenprogramm von Radio Tempore<\/p>\n","protected":false},"author":1,"featured_media":0,"parent":804,"menu_order":8,"comment_status":"closed","ping_status":"closed","template":"template-home.php","meta":{"saved_in_kubio":false,"advanced_seo_description":"","jetpack_seo_html_title":"","jetpack_seo_noindex":false,"footnotes":""},"class_list":["post-1444","page","type-page","status-publish","hentry"],"kubio_ai_page_context":{"short_desc":"","purpose":"general"},"jetpack_likes_enabled":true,"jetpack_sharing_enabled":true,"_links":{"self":[{"href":"https:\/\/radio-tempore.wp-name.de\/index.php\/wp-json\/wp\/v2\/pages\/1444","targetHints":{"allow":["GET"]}}],"collection":[{"href":"https:\/\/radio-tempore.wp-name.de\/index.php\/wp-json\/wp\/v2\/pages"}],"about":[{"href":"https:\/\/radio-tempore.wp-name.de\/index.php\/wp-json\/wp\/v2\/types\/page"}],"author":[{"embeddable":true,"href":"https:\/\/radio-tempore.wp-name.de\/index.php\/wp-json\/wp\/v2\/users\/1"}],"replies":[{"embeddable":true,"href":"https:\/\/radio-tempore.wp-name.de\/index.php\/wp-json\/wp\/v2\/comments?post=1444"}],"version-history":[{"count":7,"href":"https:\/\/radio-tempore.wp-name.de\/index.php\/wp-json\/wp\/v2\/pages\/1444\/revisions"}],"predecessor-version":[{"id":1498,"href":"https:\/\/radio-tempore.wp-name.de\/index.php\/wp-json\/wp\/v2\/pages\/1444\/revisions\/1498"}],"up":[{"embeddable":true,"href":"https:\/\/radio-tempore.wp-name.de\/index.php\/wp-json\/wp\/v2\/pages\/804"}],"wp:attachment":[{"href":"https:\/\/radio-tempore.wp-name.de\/index.php\/wp-json\/wp\/v2\/media?parent=1444"}],"curies":[{"name":"wp","href":"https:\/\/api.w.org\/{rel}","templated":true}]}}