{"id":1438,"date":"2026-02-25T00:09:11","date_gmt":"2026-02-24T23:09:11","guid":{"rendered":"https:\/\/radio-tempore.wp-name.de\/?page_id=1438"},"modified":"2026-02-25T12:53:52","modified_gmt":"2026-02-25T11:53:52","slug":"sendeplan-radio-tempore-montag","status":"publish","type":"page","link":"https:\/\/radio-tempore.wp-name.de\/index.php\/sendeplan\/sendeplan-radio-tempore-montag\/","title":{"rendered":"Sendeplan Radio-Tempore &#8211; Montag"},"content":{"rendered":"<p>Jetzt online bei diesem Webradio :  <span class='api_lfm_station_listeners_radio-tempore'>Loading<\/span> Zuh\u00f6rer oder Zuh\u00f6rerin(nen). Ganz lieben Dank daf\u00fcr!<\/p>\n\n\n\n<h2 class=\"wp-block-heading has-black-color has-luminous-vivid-amber-background-color has-text-color has-background\">Hier ist das Wochenprogramm von Radio-Tempore<\/h2>\n\n\n\n<p><a href=\"https:\/\/deutsche-radio.de\/\" target=\"_blank\" rel=\"noreferrer noopener\"><\/a><\/p>\n\n\n\n<div class=\"wp-block-buttons is-layout-flex wp-block-buttons-is-layout-flex\">\n<div class=\"wp-block-button\"><a class=\"wp-block-button__link has-kubio-color-6-color has-blush-bordeaux-gradient-background has-text-color has-background has-link-color has-medium-font-size has-custom-font-size wp-element-button\" href=\"https:\/\/radio-tempore.wp-name.de\/index.php\/sendeplan\/sendeplan-radio-tempore-montag\/\"><strong>Montag<\/strong><\/a><\/div>\n\n\n\n<div class=\"wp-block-button\"><a class=\"wp-block-button__link wp-element-button\" href=\"https:\/\/radio-tempore.wp-name.de\/index.php\/sendeplan\/sendeplan-radio-tempore-dienstag\/\">Dienstag<\/a><\/div>\n\n\n\n<div class=\"wp-block-button\"><a class=\"wp-block-button__link wp-element-button\" href=\"https:\/\/radio-tempore.wp-name.de\/index.php\/sendeplan\/sendeplan-radio-tempore-mittwoch\/\">Mittwoch<\/a><\/div>\n\n\n\n<div class=\"wp-block-button\"><a class=\"wp-block-button__link wp-element-button\" href=\"https:\/\/radio-tempore.wp-name.de\/index.php\/sendeplan\/sendeplan-radio-tempore-donnerstag\/\">Donnerstag<\/a><\/div>\n\n\n\n<div class=\"wp-block-button\"><a class=\"wp-block-button__link wp-element-button\" href=\"https:\/\/radio-tempore.wp-name.de\/index.php\/sendeplan\/sendeplan-radio-tempore-freitag\/\">Freitag<\/a><\/div>\n\n\n\n<div class=\"wp-block-button\"><a class=\"wp-block-button__link wp-element-button\" href=\"https:\/\/radio-tempore.wp-name.de\/index.php\/sendeplan\/sendeplan-radio-tempore-samstag\/\">Samstag<\/a><\/div>\n\n\n\n<div class=\"wp-block-button\"><a class=\"wp-block-button__link wp-element-button\" href=\"https:\/\/radio-tempore.wp-name.de\/index.php\/sendeplan\/sendeplan-radio-tempore-sonntag\/\">Sonntag<\/a><\/div>\n<\/div>\n\n\n\n<hr class=\"wp-block-separator has-alpha-channel-opacity\"\/>\n\n\n\n<div class=\"wp-block-columns is-layout-flex wp-container-core-columns-is-layout-9d6595d7 wp-block-columns-is-layout-flex\">\n<div class=\"wp-block-column is-layout-flow wp-block-column-is-layout-flow\"><span class='api_lfm_station_schedule_mon_radio-tempore'>Loading<\/span>\n<\/div>\n<\/div>\n\n\n\n<p><\/p>\n","protected":false},"excerpt":{"rendered":"<p>Hier ist das Wochenprogramm von Radio Tempore<\/p>\n","protected":false},"author":1,"featured_media":0,"parent":804,"menu_order":2,"comment_status":"closed","ping_status":"closed","template":"template-home.php","meta":{"saved_in_kubio":false,"advanced_seo_description":"","jetpack_seo_html_title":"","jetpack_seo_noindex":false,"footnotes":""},"class_list":["post-1438","page","type-page","status-publish","hentry"],"kubio_ai_page_context":{"short_desc":"","purpose":"general"},"jetpack_likes_enabled":true,"jetpack_sharing_enabled":true,"_links":{"self":[{"href":"https:\/\/radio-tempore.wp-name.de\/index.php\/wp-json\/wp\/v2\/pages\/1438","targetHints":{"allow":["GET"]}}],"collection":[{"href":"https:\/\/radio-tempore.wp-name.de\/index.php\/wp-json\/wp\/v2\/pages"}],"about":[{"href":"https:\/\/radio-tempore.wp-name.de\/index.php\/wp-json\/wp\/v2\/types\/page"}],"author":[{"embeddable":true,"href":"https:\/\/radio-tempore.wp-name.de\/index.php\/wp-json\/wp\/v2\/users\/1"}],"replies":[{"embeddable":true,"href":"https:\/\/radio-tempore.wp-name.de\/index.php\/wp-json\/wp\/v2\/comments?post=1438"}],"version-history":[{"count":7,"href":"https:\/\/radio-tempore.wp-name.de\/index.php\/wp-json\/wp\/v2\/pages\/1438\/revisions"}],"predecessor-version":[{"id":1484,"href":"https:\/\/radio-tempore.wp-name.de\/index.php\/wp-json\/wp\/v2\/pages\/1438\/revisions\/1484"}],"up":[{"embeddable":true,"href":"https:\/\/radio-tempore.wp-name.de\/index.php\/wp-json\/wp\/v2\/pages\/804"}],"wp:attachment":[{"href":"https:\/\/radio-tempore.wp-name.de\/index.php\/wp-json\/wp\/v2\/media?parent=1438"}],"curies":[{"name":"wp","href":"https:\/\/api.w.org\/{rel}","templated":true}]}}