{"id":1435,"date":"2026-02-25T00:08:27","date_gmt":"2026-02-24T23:08:27","guid":{"rendered":"https:\/\/radio-tempore.wp-name.de\/?page_id=1435"},"modified":"2026-02-25T13:14:00","modified_gmt":"2026-02-25T12:14:00","slug":"sendeplan-radio-tempore-auswahl","status":"publish","type":"page","link":"https:\/\/radio-tempore.wp-name.de\/index.php\/sendeplan\/sendeplan-radio-tempore-auswahl\/","title":{"rendered":"Sendeplan Radio-Tempore &#8211; Auswahl"},"content":{"rendered":"<p>Jetzt online bei diesem Webradio :  <span class='api_lfm_station_listeners_radio-tempore'>Loading<\/span> Zuh\u00f6rer oder Zuh\u00f6rerin(nen). Ganz lieben Dank daf\u00fcr!<\/p>\n\n\n\n<h2 class=\"wp-block-heading has-black-color has-luminous-vivid-amber-background-color has-text-color has-background\">Hier ist das Wochenprogramm von Radio-Tempore<\/h2>\n\n\n\n<p>Du bekommst den Programmplan angezeigt, wenn Du einen Wochentag durch Anklicken ausw\u00e4hlst.<\/p>\n\n\n\n<div class=\"wp-block-buttons is-layout-flex wp-block-buttons-is-layout-flex\">\n<div class=\"wp-block-button\"><a class=\"wp-block-button__link wp-element-button\" href=\"https:\/\/radio-tempore.wp-name.de\/index.php\/sendeplan\/sendeplan-radio-tempore-montag\/\">Montag<\/a><\/div>\n\n\n\n<div class=\"wp-block-button\"><a class=\"wp-block-button__link wp-element-button\" href=\"https:\/\/radio-tempore.wp-name.de\/index.php\/sendeplan\/sendeplan-radio-tempore-dienstag\/\">Dienstag<\/a><\/div>\n\n\n\n<div class=\"wp-block-button\"><a class=\"wp-block-button__link wp-element-button\" href=\"https:\/\/radio-tempore.wp-name.de\/index.php\/sendeplan\/sendeplan-radio-tempore-mittwoch\/\">Mittwoch<\/a><\/div>\n\n\n\n<div class=\"wp-block-button\"><a class=\"wp-block-button__link wp-element-button\" href=\"https:\/\/radio-tempore.wp-name.de\/index.php\/sendeplan\/sendeplan-radio-tempore-donnerstag\/\">Donnerstag<\/a><\/div>\n\n\n\n<div class=\"wp-block-button\"><a class=\"wp-block-button__link wp-element-button\" href=\"https:\/\/radio-tempore.wp-name.de\/index.php\/sendeplan\/sendeplan-radio-tempore-freitag\/\">Freitag<\/a><\/div>\n\n\n\n<div class=\"wp-block-button\"><a class=\"wp-block-button__link wp-element-button\" href=\"https:\/\/radio-tempore.wp-name.de\/index.php\/sendeplan\/sendeplan-radio-tempore-samstag\/\">Samstag<\/a><\/div>\n\n\n\n<div class=\"wp-block-button\"><a class=\"wp-block-button__link wp-element-button\" href=\"https:\/\/radio-tempore.wp-name.de\/index.php\/sendeplan\/sendeplan-radio-tempore-sonntag\/\">Sonntag<\/a><\/div>\n<\/div>\n\n\n\n<hr class=\"wp-block-separator has-alpha-channel-opacity\"\/>\n\n\n\n<p>Hier habe ich einige Programm-Empfehlungen:<\/p>\n\n\n\n<p><\/p>\n\n\n\n<div class=\"wp-block-columns alignwide is-layout-flex wp-container-core-columns-is-layout-9d6595d7 wp-block-columns-is-layout-flex\">\n<div class=\"wp-block-column is-layout-flow wp-block-column-is-layout-flow\" style=\"flex-basis:100%\">\n<div class=\"wp-block-jetpack-slideshow aligncenter is-style-rectangular\" data-autoplay=\"true\" data-delay=\"5\" data-effect=\"fade\"><div class=\"wp-block-jetpack-slideshow_container swiper\"><ul class=\"wp-block-jetpack-slideshow_swiper-wrapper swiper-wrapper\"><li class=\"wp-block-jetpack-slideshow_slide swiper-slide\"><figure><img loading=\"lazy\" decoding=\"async\" width=\"1024\" height=\"681\" alt=\"\" class=\"wp-block-jetpack-slideshow_image wp-image-637\" data-id=\"637\" src=\"https:\/\/radio-tempore.wp-name.de\/wp-content\/uploads\/2023\/09\/Promo-Pop-Boutique-1024x681.jpg\" srcset=\"https:\/\/radio-tempore.wp-name.de\/wp-content\/uploads\/2023\/09\/Promo-Pop-Boutique-1024x681.jpg 1024w, https:\/\/radio-tempore.wp-name.de\/wp-content\/uploads\/2023\/09\/Promo-Pop-Boutique-300x199.jpg 300w, https:\/\/radio-tempore.wp-name.de\/wp-content\/uploads\/2023\/09\/Promo-Pop-Boutique-768x511.jpg 768w, https:\/\/radio-tempore.wp-name.de\/wp-content\/uploads\/2023\/09\/Promo-Pop-Boutique.jpg 1280w\" sizes=\"(max-width: 1024px) 100vw, 1024px\" \/><\/figure><\/li><li class=\"wp-block-jetpack-slideshow_slide swiper-slide\"><figure><img loading=\"lazy\" decoding=\"async\" width=\"1024\" height=\"683\" alt=\"\" class=\"wp-block-jetpack-slideshow_image wp-image-401\" data-id=\"401\" src=\"https:\/\/radio-tempore.wp-name.de\/wp-content\/uploads\/2022\/12\/Promo-Nachtschicht-Radio-1024x683.jpg\" srcset=\"https:\/\/radio-tempore.wp-name.de\/wp-content\/uploads\/2022\/12\/Promo-Nachtschicht-Radio-1024x683.jpg 1024w, https:\/\/radio-tempore.wp-name.de\/wp-content\/uploads\/2022\/12\/Promo-Nachtschicht-Radio-300x200.jpg 300w, https:\/\/radio-tempore.wp-name.de\/wp-content\/uploads\/2022\/12\/Promo-Nachtschicht-Radio-768x512.jpg 768w, https:\/\/radio-tempore.wp-name.de\/wp-content\/uploads\/2022\/12\/Promo-Nachtschicht-Radio-1536x1024.jpg 1536w, https:\/\/radio-tempore.wp-name.de\/wp-content\/uploads\/2022\/12\/Promo-Nachtschicht-Radio.jpg 1920w\" sizes=\"(max-width: 1024px) 100vw, 1024px\" \/><\/figure><\/li><li class=\"wp-block-jetpack-slideshow_slide swiper-slide\"><figure><img loading=\"lazy\" decoding=\"async\" width=\"1024\" height=\"683\" alt=\"\" class=\"wp-block-jetpack-slideshow_image wp-image-400\" data-id=\"400\" src=\"https:\/\/radio-tempore.wp-name.de\/wp-content\/uploads\/2022\/12\/Promo-Musikbox-1024x683.jpg\" srcset=\"https:\/\/radio-tempore.wp-name.de\/wp-content\/uploads\/2022\/12\/Promo-Musikbox-1024x683.jpg 1024w, https:\/\/radio-tempore.wp-name.de\/wp-content\/uploads\/2022\/12\/Promo-Musikbox-300x200.jpg 300w, https:\/\/radio-tempore.wp-name.de\/wp-content\/uploads\/2022\/12\/Promo-Musikbox-768x512.jpg 768w, https:\/\/radio-tempore.wp-name.de\/wp-content\/uploads\/2022\/12\/Promo-Musikbox-1536x1024.jpg 1536w, https:\/\/radio-tempore.wp-name.de\/wp-content\/uploads\/2022\/12\/Promo-Musikbox.jpg 1920w\" sizes=\"(max-width: 1024px) 100vw, 1024px\" \/><\/figure><\/li><li class=\"wp-block-jetpack-slideshow_slide swiper-slide\"><figure><img loading=\"lazy\" decoding=\"async\" width=\"1024\" height=\"719\" alt=\"\" class=\"wp-block-jetpack-slideshow_image wp-image-399\" data-id=\"399\" src=\"https:\/\/radio-tempore.wp-name.de\/wp-content\/uploads\/2022\/12\/Promo-Mahlzeit-1024x719.jpg\" srcset=\"https:\/\/radio-tempore.wp-name.de\/wp-content\/uploads\/2022\/12\/Promo-Mahlzeit-1024x719.jpg 1024w, https:\/\/radio-tempore.wp-name.de\/wp-content\/uploads\/2022\/12\/Promo-Mahlzeit-300x211.jpg 300w, https:\/\/radio-tempore.wp-name.de\/wp-content\/uploads\/2022\/12\/Promo-Mahlzeit-768x540.jpg 768w, https:\/\/radio-tempore.wp-name.de\/wp-content\/uploads\/2022\/12\/Promo-Mahlzeit-1536x1079.jpg 1536w, https:\/\/radio-tempore.wp-name.de\/wp-content\/uploads\/2022\/12\/Promo-Mahlzeit-710x500.jpg 710w, https:\/\/radio-tempore.wp-name.de\/wp-content\/uploads\/2022\/12\/Promo-Mahlzeit-400x282.jpg 400w, https:\/\/radio-tempore.wp-name.de\/wp-content\/uploads\/2022\/12\/Promo-Mahlzeit.jpg 1920w\" sizes=\"(max-width: 1024px) 100vw, 1024px\" \/><\/figure><\/li><li class=\"wp-block-jetpack-slideshow_slide swiper-slide\"><figure><img loading=\"lazy\" decoding=\"async\" width=\"1024\" height=\"684\" alt=\"\" class=\"wp-block-jetpack-slideshow_image wp-image-398\" data-id=\"398\" src=\"https:\/\/radio-tempore.wp-name.de\/wp-content\/uploads\/2022\/12\/Promo-Lollipop-1024x684.jpg\" srcset=\"https:\/\/radio-tempore.wp-name.de\/wp-content\/uploads\/2022\/12\/Promo-Lollipop-1024x684.jpg 1024w, https:\/\/radio-tempore.wp-name.de\/wp-content\/uploads\/2022\/12\/Promo-Lollipop-300x200.jpg 300w, https:\/\/radio-tempore.wp-name.de\/wp-content\/uploads\/2022\/12\/Promo-Lollipop-768x513.jpg 768w, https:\/\/radio-tempore.wp-name.de\/wp-content\/uploads\/2022\/12\/Promo-Lollipop-1536x1026.jpg 1536w, https:\/\/radio-tempore.wp-name.de\/wp-content\/uploads\/2022\/12\/Promo-Lollipop.jpg 1920w\" sizes=\"(max-width: 1024px) 100vw, 1024px\" \/><\/figure><\/li><li class=\"wp-block-jetpack-slideshow_slide swiper-slide\"><figure><img loading=\"lazy\" decoding=\"async\" width=\"1024\" height=\"683\" alt=\"\" class=\"wp-block-jetpack-slideshow_image wp-image-394\" data-id=\"394\" src=\"https:\/\/radio-tempore.wp-name.de\/wp-content\/uploads\/2022\/12\/Promo_Morgenstimmung-1024x683.jpg\" srcset=\"https:\/\/radio-tempore.wp-name.de\/wp-content\/uploads\/2022\/12\/Promo_Morgenstimmung-1024x683.jpg 1024w, https:\/\/radio-tempore.wp-name.de\/wp-content\/uploads\/2022\/12\/Promo_Morgenstimmung-300x200.jpg 300w, https:\/\/radio-tempore.wp-name.de\/wp-content\/uploads\/2022\/12\/Promo_Morgenstimmung-768x512.jpg 768w, https:\/\/radio-tempore.wp-name.de\/wp-content\/uploads\/2022\/12\/Promo_Morgenstimmung-1536x1024.jpg 1536w, https:\/\/radio-tempore.wp-name.de\/wp-content\/uploads\/2022\/12\/Promo_Morgenstimmung.jpg 1920w\" sizes=\"(max-width: 1024px) 100vw, 1024px\" \/><\/figure><\/li><li class=\"wp-block-jetpack-slideshow_slide swiper-slide\"><figure><img loading=\"lazy\" decoding=\"async\" width=\"1024\" height=\"683\" alt=\"\" class=\"wp-block-jetpack-slideshow_image wp-image-390\" data-id=\"390\" src=\"https:\/\/radio-tempore.wp-name.de\/wp-content\/uploads\/2022\/12\/Promo-Traumhaft-1024x683.png\" srcset=\"https:\/\/radio-tempore.wp-name.de\/wp-content\/uploads\/2022\/12\/Promo-Traumhaft-1024x683.png 1024w, https:\/\/radio-tempore.wp-name.de\/wp-content\/uploads\/2022\/12\/Promo-Traumhaft-300x200.png 300w, https:\/\/radio-tempore.wp-name.de\/wp-content\/uploads\/2022\/12\/Promo-Traumhaft-768x512.png 768w, https:\/\/radio-tempore.wp-name.de\/wp-content\/uploads\/2022\/12\/Promo-Traumhaft-1536x1024.png 1536w, https:\/\/radio-tempore.wp-name.de\/wp-content\/uploads\/2022\/12\/Promo-Traumhaft.png 1920w\" sizes=\"(max-width: 1024px) 100vw, 1024px\" \/><\/figure><\/li><\/ul><a class=\"wp-block-jetpack-slideshow_button-prev swiper-button-prev swiper-button-white\" role=\"button\"><\/a><a class=\"wp-block-jetpack-slideshow_button-next swiper-button-next swiper-button-white\" role=\"button\"><\/a><a aria-label=\"Pause Slideshow\" class=\"wp-block-jetpack-slideshow_button-pause\" role=\"button\"><\/a><div class=\"wp-block-jetpack-slideshow_pagination swiper-pagination swiper-pagination-white\"><\/div><\/div><\/div>\n<\/div>\n<\/div>\n","protected":false},"excerpt":{"rendered":"<p>Hier ist das Wochenprogramm von Radio Tempore<\/p>\n","protected":false},"author":1,"featured_media":1436,"parent":804,"menu_order":1,"comment_status":"closed","ping_status":"closed","template":"template-home.php","meta":{"saved_in_kubio":false,"advanced_seo_description":"","jetpack_seo_html_title":"","jetpack_seo_noindex":false,"footnotes":""},"class_list":["post-1435","page","type-page","status-publish","has-post-thumbnail","hentry"],"kubio_ai_page_context":{"short_desc":"","purpose":"general"},"jetpack_likes_enabled":true,"jetpack_sharing_enabled":true,"_links":{"self":[{"href":"https:\/\/radio-tempore.wp-name.de\/index.php\/wp-json\/wp\/v2\/pages\/1435","targetHints":{"allow":["GET"]}}],"collection":[{"href":"https:\/\/radio-tempore.wp-name.de\/index.php\/wp-json\/wp\/v2\/pages"}],"about":[{"href":"https:\/\/radio-tempore.wp-name.de\/index.php\/wp-json\/wp\/v2\/types\/page"}],"author":[{"embeddable":true,"href":"https:\/\/radio-tempore.wp-name.de\/index.php\/wp-json\/wp\/v2\/users\/1"}],"replies":[{"embeddable":true,"href":"https:\/\/radio-tempore.wp-name.de\/index.php\/wp-json\/wp\/v2\/comments?post=1435"}],"version-history":[{"count":8,"href":"https:\/\/radio-tempore.wp-name.de\/index.php\/wp-json\/wp\/v2\/pages\/1435\/revisions"}],"predecessor-version":[{"id":1506,"href":"https:\/\/radio-tempore.wp-name.de\/index.php\/wp-json\/wp\/v2\/pages\/1435\/revisions\/1506"}],"up":[{"embeddable":true,"href":"https:\/\/radio-tempore.wp-name.de\/index.php\/wp-json\/wp\/v2\/pages\/804"}],"wp:featuredmedia":[{"embeddable":true,"href":"https:\/\/radio-tempore.wp-name.de\/index.php\/wp-json\/wp\/v2\/media\/1436"}],"wp:attachment":[{"href":"https:\/\/radio-tempore.wp-name.de\/index.php\/wp-json\/wp\/v2\/media?parent=1435"}],"curies":[{"name":"wp","href":"https:\/\/api.w.org\/{rel}","templated":true}]}}