{"id":143,"date":"2022-05-11T19:43:31","date_gmt":"2022-05-11T17:43:31","guid":{"rendered":"https:\/\/wp801108.luwp-s094.letuswordpress.de\/?page_id=143"},"modified":"2025-12-26T23:18:08","modified_gmt":"2025-12-26T22:18:08","slug":"sender-betreiber","status":"publish","type":"page","link":"https:\/\/radio-tempore.wp-name.de\/index.php\/ueber\/sender-betreiber\/","title":{"rendered":"Sender-Betreiber"},"content":{"rendered":"\n<p>Radio Tempore ist ein Hobbyprodukt. Seit Mai 2022 ist dieser Sender im Web online. Musikalisch deckt das Programm unterschiedliche Genres von Klassik \u00fcber Country, Rock&#8217;n&#8217;Roll, Film- und Musical bis zum Pop ab. Ich spiele die Hits der 50er bis zu den aktuellen 20er Hits. Radio Tempore ist eine Erg\u00e4nzung zu meinem 2021 gestarteten Sender Mixx21, der inzwischen eine erfreulich konstante Reichweite (=geh\u00f6rte Stunden) erreicht hat.<\/p>\n\n\n\n<p>Mit den Angeboten der beiden Webradio-Stationen hoffe ich, den Musikggeschmack m\u00f6glichst vieler H\u00f6rer zu treffen und damit f\u00fcr eine gute Stimmung bei der Zuh\u00f6renden zu sorgen.<\/p>\n\n\n\n<h2 class=\"wp-block-heading has-vivid-cyan-blue-color has-text-color\">Sender-Plattform<\/h2>\n\n\n\n<p>Meine beiden Stationen, Radio-Tempore und Mixx21 werden im Internet \u00fcber die Plattform <a href=\"http:\/\/laut.fm\/\">laut.fm<\/a> ausgestrahlt &#8211; oder wie man richtig sagt, gestreamt. Es ist die erfolgreichste Spotify-Streaming-Alternative aus Deutschland jetzt mit \u00fcber 14.500 (!!) Webradio-Stationen.<\/p>\n\n\n\n<p>Der reichweitenst\u00e4rkste deutsche Streaming-Anbieter kommt nicht aus Hamburg oder Berlin, sondern vom Bodensee:&nbsp;<a href=\"http:\/\/laut.fm\/\">laut.fm<\/a>&nbsp;ist bundesweit die Nummer 2 nach Spotify. Auf den digitalen Stationen bringen DJs handgemachtes Radio ins Web. Die Plattform aus Konstanz vereint Kinderlieder und Death Metal, deutschen Hip\u00adHop und Volksmusik.<\/p>\n\n\n\n<div class=\"wp-block-media-text alignwide is-stacked-on-mobile\" style=\"grid-template-columns:15% auto\"><figure class=\"wp-block-media-text__media\"><img loading=\"lazy\" decoding=\"async\" width=\"200\" height=\"200\" src=\"https:\/\/wp801108.luwp-s094.letuswordpress.de\/wp-content\/uploads\/2022\/05\/laut_fm200.png\" alt=\"\" class=\"wp-image-146 size-full\" srcset=\"https:\/\/radio-tempore.wp-name.de\/wp-content\/uploads\/2022\/05\/laut_fm200.png 200w, https:\/\/radio-tempore.wp-name.de\/wp-content\/uploads\/2022\/05\/laut_fm200-150x150.png 150w, https:\/\/radio-tempore.wp-name.de\/wp-content\/uploads\/2022\/05\/laut_fm200-70x70.png 70w, https:\/\/radio-tempore.wp-name.de\/wp-content\/uploads\/2022\/05\/laut_fm200-125x125.png 125w\" sizes=\"(max-width: 200px) 100vw, 200px\" \/><\/figure><div class=\"wp-block-media-text__content\">\n<p class=\"has-medium-font-size\">1996 startete die Geschichte der laut.ag mit einem Portal f\u00fcr Musikliebhaber:&nbsp;<\/p>\n\n\n\n<p class=\"has-medium-font-size\"><a href=\"http:\/\/laut.de\/\">laut.de<\/a>.<\/p>\n<\/div><\/div>\n\n\n\n<p> \u201eDas Online-Magazin entwickelte sich schnell zur ersten Anlaufstelle f\u00fcr alle, die wie wir Musik lieben\u201c, erinnert sich CEO Rainer Henze. 2005 folgte der n\u00e4chste Schritt mit&nbsp;<a href=\"http:\/\/laut.fm\/\">laut.fm<\/a>&nbsp;als User-Generated-Radio. DJs k\u00f6nnen ihr eigenes Webradio professionell aufbauen und damit mit etablierten Radiosendern und internationalen Playern wie Spotify in Konkurrenz treten. \u201eWas YouTube f\u00fcr Vlogger oder TikTok f\u00fcr Influencer sind, sind wir f\u00fcr die neue Generation von Radio-DJs\u201c, zieht Henze den Vergleich. \u201eEine reichweitenstarke Plattform f\u00fcr Audio-Streaming.\u201c Die laut.fm-DJs erhalten eigene Radiostationen auf dem Portal&nbsp;<a href=\"http:\/\/laut.fm\/\">laut.fm. <\/a> Lizenz- und Streamingkosten \u00fcbernimmt die laut.ag. Im Gegenzug schaltet sie Werbung in den digitalen Radioprogrammen.<\/p>\n\n\n\n<p>Auf Grund vertraglicher Bedingungen ist das Verbreitungsgebiet der Webradios \u00fcber laut.fm auf Deutschland beschr\u00e4nkt.<\/p>\n\n\n\n<p>Damit unterscheidet sich&nbsp;<a href=\"http:\/\/laut.fm\/\">laut.fm<\/a>&nbsp;von den klassischen Radiosendern: \u201eMehr Vielfalt, mehr Community\u201c fasst es Rainer Henze zusammen. \u201eDie Musikauswahl ist enorm, und unsere DJs sind miteinander sowie mit ihren H\u00f6rern im Dialog. Sie verbindet die Liebe zu ihrer Musik, zu ihrem Genre.\u201c Daf\u00fcr biete&nbsp;<a href=\"http:\/\/laut.fm\/\">laut.fm<\/a>&nbsp;die technische Plattform im Web, bei Smartspeakern wie Alexa und k\u00fcnftig in der laut.fm-App. Bislang werden die laut.fm-Sender vor allem auch \u00fcber Aggregatoren oder internetf\u00e4hige Radio-Ger\u00e4te empfangen. \u201eMit der App erreichen wir die User mobil \u00fcberall dort, wo sie unterwegs sind. Die Zukunft von Radio ist digital und \u00fcberall\u201c, so Henze abschlie\u00dfend.<\/p>\n\n\n\n<p>Mehr Informationen \u00fcber das Angebot von\u00a0<a href=\"http:\/\/laut.fm\/\">laut.fm\u00a0<\/a>\u00a0gibt es unter\u00a0<a href=\"https:\/\/www.laut.ag\/\">https:\/\/www.laut.ag<\/a>. Und danach kommst Du sicher wieder zu einer meiner beiden Stationen zur\u00fcck. Warum: weil&#8217;s einfach sch\u00f6n ist hier \ud83d\ude09 .<\/p>\n","protected":false},"excerpt":{"rendered":"<p>Radio Tempore ist ein Hobbyprodukt. Seit Mai 2022 ist dieser Sender im Web online. Musikalisch deckt das Programm unterschiedliche Genres von Klassik \u00fcber Country, Rock&#8217;n&#8217;Roll, Film- und Musical bis zum Pop ab. Ich spiele die Hits der 50er bis zu den aktuellen 20er Hits. Radio Tempore ist eine Erg\u00e4nzung zu meinem 2021 gestarteten Sender Mixx21, [&hellip;]<\/p>\n","protected":false},"author":1,"featured_media":87,"parent":109,"menu_order":2,"comment_status":"closed","ping_status":"closed","template":"template-home.php","meta":{"saved_in_kubio":true,"advanced_seo_description":"","jetpack_seo_html_title":"","jetpack_seo_noindex":false,"footnotes":""},"class_list":["post-143","page","type-page","status-publish","has-post-thumbnail","hentry"],"kubio_ai_page_context":{"short_desc":"","purpose":"general"},"jetpack_likes_enabled":true,"jetpack_sharing_enabled":true,"_links":{"self":[{"href":"https:\/\/radio-tempore.wp-name.de\/index.php\/wp-json\/wp\/v2\/pages\/143","targetHints":{"allow":["GET"]}}],"collection":[{"href":"https:\/\/radio-tempore.wp-name.de\/index.php\/wp-json\/wp\/v2\/pages"}],"about":[{"href":"https:\/\/radio-tempore.wp-name.de\/index.php\/wp-json\/wp\/v2\/types\/page"}],"author":[{"embeddable":true,"href":"https:\/\/radio-tempore.wp-name.de\/index.php\/wp-json\/wp\/v2\/users\/1"}],"replies":[{"embeddable":true,"href":"https:\/\/radio-tempore.wp-name.de\/index.php\/wp-json\/wp\/v2\/comments?post=143"}],"version-history":[{"count":2,"href":"https:\/\/radio-tempore.wp-name.de\/index.php\/wp-json\/wp\/v2\/pages\/143\/revisions"}],"predecessor-version":[{"id":1295,"href":"https:\/\/radio-tempore.wp-name.de\/index.php\/wp-json\/wp\/v2\/pages\/143\/revisions\/1295"}],"up":[{"embeddable":true,"href":"https:\/\/radio-tempore.wp-name.de\/index.php\/wp-json\/wp\/v2\/pages\/109"}],"wp:featuredmedia":[{"embeddable":true,"href":"https:\/\/radio-tempore.wp-name.de\/index.php\/wp-json\/wp\/v2\/media\/87"}],"wp:attachment":[{"href":"https:\/\/radio-tempore.wp-name.de\/index.php\/wp-json\/wp\/v2\/media?parent=143"}],"curies":[{"name":"wp","href":"https:\/\/api.w.org\/{rel}","templated":true}]}}