{"id":1105,"date":"2025-07-24T23:57:27","date_gmt":"2025-07-24T21:57:27","guid":{"rendered":"https:\/\/radio-tempore.wp-name.de\/?page_id=1105"},"modified":"2025-07-24T23:57:28","modified_gmt":"2025-07-24T21:57:28","slug":"bemusterung","status":"publish","type":"page","link":"https:\/\/radio-tempore.wp-name.de\/index.php\/bemusterung\/","title":{"rendered":"Bemusterung"},"content":{"rendered":"\n<p><\/p>\n\n\n\n<p><\/p>\n\n\n\n<p><strong>Liebe K\u00fcnstler, Musiker,\u00a0liebe Promoter bei den Labels,<\/strong><\/p>\n\n\n\n<p><strong>Ihr m\u00f6chtet Eure Musik in meinen beiden Webradios platzieren? Ich unterst\u00fctze das gerne, sofern die Titel in mein Programmschema passen. Ich freue mich, wenn Ihr die neusten Songs von angesagten und bekannten K\u00fcnstlern aber ebenso gerne auch die von neuen K\u00fcnstlern und Talenten anbietet!<\/strong><\/p>\n\n\n\n<p><em>Ich bitte um Verst\u00e4ndnis, wenn nicht alle eingesendeten Titel tats\u00e4chlich in meinen Programmen gespielt werden.<\/em><\/p>\n\n\n\n<p class=\"has-medium-font-size\"><strong>Rechtliche Voraussetzungen<\/strong><\/p>\n\n\n\n<p><strong><em>F\u00fcr Musiker:<\/em><\/strong> F\u00fcr eine rechtssichere Bemusterung ist generell eine Erlaubnis des Rechteinhabers erforderlich.&nbsp; Bitte schickt mir deshalb ein rechtsg\u00fcltiges Schriftst\u00fcck per PDF mit dem Track mit, das die Genehmigung der Ausstrahlung bzw. Sendeerlaubnis f\u00fcr Euch und Eueren Titel beinhaltet.&nbsp; Danke f\u00fcr Euer Verst\u00e4ndnis.<\/p>\n\n\n\n<p><strong><em>F\u00fcr Labels:<\/em><\/strong> Mit der \u00dcberlassung der Bemusterung erteilt Ihr mir automatisch die Sendeerlaubnis.<\/p>\n\n\n\n<h2 class=\"wp-block-heading\">Bemusterung<\/h2>\n\n\n\n<p><strong>Um Mixx21 und Radio-Tempore mit Musik zu bemustern, bitte ich um digitale Datenzusendung.<\/strong><\/p>\n\n\n\n<p><strong>Digitale Bemusterung<\/strong><br>Um eine gute Sendequalit\u00e4t zu bekommen, ben\u00f6tige ich die Tracks im hohen MP3- bzw. Flac Format per Email oder per Downloadlink an<\/p>\n\n\n\n<p class=\"has-text-align-center\"><br>Radio-Tempore&lt;at&gt;t-online.de        <strong>oder<\/strong>         Mixx21&lt;at&gt;t-online.de<br><\/p>\n\n\n\n<p>Mit dabei sein sollte bitte das Cover, die Autorenangaben, Herausgeber, Copyright, ISRC-Nummer, Datum der Song-Ver\u00f6ffentlichung sowie, falls vorhanden, der Promotext.<\/p>\n\n\n\n<p><strong>EINVERST\u00c4NDNISERKL\u00c4RUNG:<\/strong><br><em>F\u00fcr die Bemusterung bei Radio-Tempore und Mixx21 erh\u00e4lt der Einsender keinerlei Verg\u00fctung.<br>Die Titel werden in eigenem Ermessen im laufenden Programm und in den Playlisten eingesetzt. Aus organisatorischen Gr\u00fcnden ist mir eine R\u00fcckmeldung, wann der Titel gespielt wird, nicht m\u00f6glich.<\/em><\/p>\n","protected":false},"excerpt":{"rendered":"<p>Liebe K\u00fcnstler, Musiker,\u00a0liebe Promoter bei den Labels, Ihr m\u00f6chtet Eure Musik in meinen beiden Webradios platzieren? Ich unterst\u00fctze das gerne, sofern die Titel in mein Programmschema passen. Ich freue mich, wenn Ihr die neusten Songs von angesagten und bekannten K\u00fcnstlern aber ebenso gerne auch die von neuen K\u00fcnstlern und Talenten anbietet! Ich bitte um Verst\u00e4ndnis, [&hellip;]<\/p>\n","protected":false},"author":1,"featured_media":1103,"parent":0,"menu_order":0,"comment_status":"closed","ping_status":"closed","template":"template-home.php","meta":{"saved_in_kubio":false,"advanced_seo_description":"Angebot zur Bemusterung Webradio in Deutschland. Vorzugsweise Pop, Oldies, Liedermacher, Country, Konzertgitarre, Reggae, Blues.","jetpack_seo_html_title":"Bemusterung Angebot an Musiker, Label","jetpack_seo_noindex":false,"footnotes":""},"class_list":["post-1105","page","type-page","status-publish","has-post-thumbnail","hentry"],"kubio_ai_page_context":{"short_desc":"","purpose":"general"},"jetpack_likes_enabled":true,"jetpack_sharing_enabled":true,"_links":{"self":[{"href":"https:\/\/radio-tempore.wp-name.de\/index.php\/wp-json\/wp\/v2\/pages\/1105","targetHints":{"allow":["GET"]}}],"collection":[{"href":"https:\/\/radio-tempore.wp-name.de\/index.php\/wp-json\/wp\/v2\/pages"}],"about":[{"href":"https:\/\/radio-tempore.wp-name.de\/index.php\/wp-json\/wp\/v2\/types\/page"}],"author":[{"embeddable":true,"href":"https:\/\/radio-tempore.wp-name.de\/index.php\/wp-json\/wp\/v2\/users\/1"}],"replies":[{"embeddable":true,"href":"https:\/\/radio-tempore.wp-name.de\/index.php\/wp-json\/wp\/v2\/comments?post=1105"}],"version-history":[{"count":3,"href":"https:\/\/radio-tempore.wp-name.de\/index.php\/wp-json\/wp\/v2\/pages\/1105\/revisions"}],"predecessor-version":[{"id":1432,"href":"https:\/\/radio-tempore.wp-name.de\/index.php\/wp-json\/wp\/v2\/pages\/1105\/revisions\/1432"}],"wp:featuredmedia":[{"embeddable":true,"href":"https:\/\/radio-tempore.wp-name.de\/index.php\/wp-json\/wp\/v2\/media\/1103"}],"wp:attachment":[{"href":"https:\/\/radio-tempore.wp-name.de\/index.php\/wp-json\/wp\/v2\/media?parent=1105"}],"curies":[{"name":"wp","href":"https:\/\/api.w.org\/{rel}","templated":true}]}}